{"id":22261,"date":"2018-04-13T18:09:41","date_gmt":"2018-04-13T18:09:41","guid":{"rendered":"https:\/\/gaudetefilms.com\/travaux-anterieurs\/realisation-de-la-serie\/"},"modified":"2025-04-09T14:39:58","modified_gmt":"2025-04-09T14:39:58","slug":"realisation-de-la-serie","status":"publish","type":"page","link":"https:\/\/gaudetefilms.com\/fr\/travaux-anterieurs\/realisation-de-la-serie\/","title":{"rendered":"R\u00e9alisation de la s\u00e9rie"},"content":{"rendered":"<div class=\"wpb-content-wrapper\"><p>[vc_row][vc_column width=\u00a0\u00bb1\/2&Prime;][vc_single_image image=\u00a0\u00bb387&Prime; img_size=\u00a0\u00bbfull\u00a0\u00bb add_caption=\u00a0\u00bbyes\u00a0\u00bb][\/vc_column][vc_column width=\u00a0\u00bb1\/2&Prime;][vc_column_text]Pour la t\u00e9l\u00e9vision, j&rsquo;ai r\u00e9alis\u00e9 des s\u00e9ries prim\u00e9es ax\u00e9es sur les personnages, notamment<\/p>\n<p><strong>Intervention Canada-<\/strong> Insight Productions\/Open Door Co pour Shaw Media<br \/>\nProductrice de la s\u00e9rie Karen Wookey, producteurs ex\u00e9cutifs Tom Powers, John Brunton<\/p>\n<p><strong>Dust-Up -<\/strong> Paperny Films, pour History Television<br \/>\nProducteur de la s\u00e9rie Ed Hatton<\/p>\n<p><strong>Elove -<\/strong> Cineflix pour W et Oxygen aux \u00c9tats-Unis (r\u00e9seau d&rsquo;Oprah)<br \/>\nProductrice de la s\u00e9rie Cesca Eaton<\/p>\n<p><strong>GrandBenders-<\/strong> MDF Productions pour bpm \/MTV Canada<br \/>\nProducteur de la s\u00e9rie Peter Gentile<\/p>\n<p>Cin\u00e9matographie et r\u00e9alisation sur le terrain pour la s\u00e9rie MTV <strong>16 &amp; Pregnant<\/strong>,<br \/>\n\u00e0 travers les Etats-Unis.<br \/>\nProductrice de la s\u00e9rie Dia Sokol, producteur ex\u00e9cutif Morgan J. Freeman.<\/p>\n<p>[\/vc_column_text][\/vc_column][\/vc_row]<\/p>\n<\/div>","protected":false},"excerpt":{"rendered":"<p>[vc_row][vc_column width=\u00a0\u00bb1\/2&Prime;][vc_single_image image=\u00a0\u00bb387&Prime; img_size=\u00a0\u00bbfull\u00a0\u00bb add_caption=\u00a0\u00bbyes\u00a0\u00bb][\/vc_column][vc_column width=\u00a0\u00bb1\/2&Prime;][vc_column_text]Pour la t\u00e9l\u00e9vision, j&rsquo;ai r\u00e9alis\u00e9 des s\u00e9ries prim\u00e9es ax\u00e9es sur les personnages, notamment Intervention Canada- Insight Productions\/Open Door Co pour Shaw Media Productrice de la s\u00e9rie Karen Wookey, producteurs ex\u00e9cutifs Tom Powers, John Brunton Dust-Up - Paperny Films, pour History Television Producteur de la s\u00e9rie Ed Hatton Elove - Cineflix [&hellip;]<\/p>\n","protected":false},"author":1,"featured_media":0,"parent":22251,"menu_order":0,"comment_status":"closed","ping_status":"closed","template":"","meta":{"_exactmetrics_skip_tracking":false,"_exactmetrics_sitenote_active":false,"_exactmetrics_sitenote_note":"","_exactmetrics_sitenote_category":0,"footnotes":""},"class_list":["post-22261","page","type-page","status-publish","hentry"],"_links":{"self":[{"href":"https:\/\/gaudetefilms.com\/fr\/wp-json\/wp\/v2\/pages\/22261","targetHints":{"allow":["GET"]}}],"collection":[{"href":"https:\/\/gaudetefilms.com\/fr\/wp-json\/wp\/v2\/pages"}],"about":[{"href":"https:\/\/gaudetefilms.com\/fr\/wp-json\/wp\/v2\/types\/page"}],"author":[{"embeddable":true,"href":"https:\/\/gaudetefilms.com\/fr\/wp-json\/wp\/v2\/users\/1"}],"replies":[{"embeddable":true,"href":"https:\/\/gaudetefilms.com\/fr\/wp-json\/wp\/v2\/comments?post=22261"}],"version-history":[{"count":4,"href":"https:\/\/gaudetefilms.com\/fr\/wp-json\/wp\/v2\/pages\/22261\/revisions"}],"predecessor-version":[{"id":22537,"href":"https:\/\/gaudetefilms.com\/fr\/wp-json\/wp\/v2\/pages\/22261\/revisions\/22537"}],"up":[{"embeddable":true,"href":"https:\/\/gaudetefilms.com\/fr\/wp-json\/wp\/v2\/pages\/22251"}],"wp:attachment":[{"href":"https:\/\/gaudetefilms.com\/fr\/wp-json\/wp\/v2\/media?parent=22261"}],"curies":[{"name":"wp","href":"https:\/\/api.w.org\/{rel}","templated":true}]}}