{"id":22238,"date":"2018-03-07T01:48:38","date_gmt":"2018-03-07T01:48:38","guid":{"rendered":"https:\/\/gaudetefilms.com\/presse\/"},"modified":"2025-04-09T13:34:43","modified_gmt":"2025-04-09T13:34:43","slug":"presse","status":"publish","type":"page","link":"https:\/\/gaudetefilms.com\/fr\/presse\/","title":{"rendered":"Presse"},"content":{"rendered":"<div class=\"wpb-content-wrapper\"><p>[vc_row][vc_column width=\u00a0\u00bb1\/3&Prime;]\n<div id=\"interactive-banner-1-wrap-8563\" class=\"ult-banner-block ult-adjust-bottom-margin ult-bb-more ult-banner-block-custom-height banner-style01 \"   style=\"height:230px;\">\n\t<img decoding=\"async\" src=\"https:\/\/gaudetefilms.com\/wp-content\/uploads\/2025\/02\/image.webp\" alt=\"null\">\n\t<h3  data-ultimate-target='#interactive-banner-1-wrap-8563 .bb-top-title '  data-responsive-json-new='{\"font-size\":\"\",\"line-height\":\"\"}'  class=\"title-left bb-top-title ult-responsive\" style=\"font-weight:normal;background:#242424;color:#ffffff;\">Le Devoir<\/h3>\n\t<div class=\"mask opaque-background\" style=\"background:#242424;\">\n\t\t<div  data-ultimate-target='#interactive-banner-1-wrap-8563 .bb-description'  data-responsive-json-new='{\"font-size\":\"\",\"line-height\":\"\"}'  class=\"bb-description ult-responsive\" style=\"font-weight:normal;color:#ffffff;\">\u2605\u2605\u2605\u2605 ``Le don pr\u00e9sente une rare occasion d&apos;\u00e9chapper, le temps d&apos;un documentaire, \u00e0 l&apos;implacable logique marchande des temps modernes et d&apos;y reprendre un peu de libert\u00e9 humaine. ``<\/div>\n\t\t<a class=\"bb-link\" href=\"https:\/\/www.ledevoir.com\/culture\/cinema\/547361\/critique-cadeau-de-la-liberte\"target=\"_blank\"rel=\"noopener\" style=\"background:#242424;color:#ffffff;\">VIEW<\/a>\n\t<\/div>\n<\/div>[\/vc_column][vc_column width=\u00a0\u00bb1\/3&Prime;]\n<div id=\"interactive-banner-1-wrap-3096\" class=\"ult-banner-block ult-adjust-bottom-margin ult-bb-more ult-banner-block-custom-height banner-style01 \"   style=\"height:230px;\">\n\t<img decoding=\"async\" src=\"https:\/\/gaudetefilms.com\/wp-content\/uploads\/2018\/03\/20171205_GIFT_Mingwei_709.jpg\" alt=\"null\">\n\t<h3  data-ultimate-target='#interactive-banner-1-wrap-3096 .bb-top-title '  data-responsive-json-new='{\"font-size\":\"\",\"line-height\":\"\"}'  class=\"title-left bb-top-title ult-responsive\" style=\"font-weight:normal;background:#242424;color:#ffffff;\">The Hollywood Reporter<\/h3>\n\t<div class=\"mask opaque-background\" style=\"background:#242424;\">\n\t\t<div  data-ultimate-target='#interactive-banner-1-wrap-3096 .bb-description'  data-responsive-json-new='{\"font-size\":\"\",\"line-height\":\"\"}'  class=\"bb-description ult-responsive\" style=\"font-weight:normal;color:#ffffff;\">``Vous penserez que le monde est meilleur apr\u00e8s avoir vu le documentaire de Robin McKenna bas\u00e9 sur le livre de Lewis Hyde, The Gift : La cr\u00e9ativit\u00e9 et l&apos;artiste dans le monde moderne&quot;.<\/div>\n\t\t<a class=\"bb-link\" href=\"https:\/\/www.hollywoodreporter.com\/movies\/movie-reviews\/gift-1246532\/\"target=\"_blank\"rel=\"noopener\" style=\"background:#242424;color:#ffffff;\">VIEW<\/a>\n\t<\/div>\n<\/div>[\/vc_column][vc_column width=\u00a0\u00bb1\/3&Prime;]\n<div id=\"interactive-banner-1-wrap-9214\" class=\"ult-banner-block ult-adjust-bottom-margin ult-bb-more ult-banner-block-custom-height banner-style01 \"   style=\"height:230px;\">\n\t<img decoding=\"async\" src=\"https:\/\/gaudetefilms.com\/wp-content\/uploads\/2025\/02\/the_gift_1600x.webp\" alt=\"null\">\n\t<h3  data-ultimate-target='#interactive-banner-1-wrap-9214 .bb-top-title '  data-responsive-json-new='{\"font-size\":\"\",\"line-height\":\"\"}'  class=\"title-left bb-top-title ult-responsive\" style=\"font-weight:normal;background:#242424;color:#ffffff;\">Bons docs<\/h3>\n\t<div class=\"mask opaque-background\" style=\"background:#242424;\">\n\t\t<div  data-ultimate-target='#interactive-banner-1-wrap-9214 .bb-description'  data-responsive-json-new='{\"font-size\":\"\",\"line-height\":\"\"}'  class=\"bb-description ult-responsive\" style=\"font-weight:normal;color:#ffffff;\">Robin McKenna s&apos;est entretenue avec nous de GIFT, son film richement cin\u00e9matographique inspir\u00e9 du classique bien-aim\u00e9 de Lewis Hyde, The Gift : La cr\u00e9ativit\u00e9 et l&apos;artiste dans le monde moderne. Entretien r\u00e9alis\u00e9 par Kim Koltun.<\/div>\n\t\t<a class=\"bb-link\" href=\"https:\/\/gooddocs.net\/blogs\/behind-the-camera\/robin-mckenna-on-her-new-film-gift-and-what-society-could-learn-from-gift-economies?srsltid=AfmBOoqJ4J5i9C-YQCJhq3B57pceO6Ic6lsjC2Si6AxP69sFGxjAmz-k\"target=\"_blank\"rel=\"noopener\" style=\"background:#242424;color:#ffffff;\">VIEW<\/a>\n\t<\/div>\n<\/div>[\/vc_column][\/vc_row][vc_row][vc_column width=\u00a0\u00bb1\/3&Prime;]\n<div id=\"interactive-banner-1-wrap-5675\" class=\"ult-banner-block ult-adjust-bottom-margin ult-bb-more ult-banner-block-custom-height banner-style01 \"   style=\"height:230px;\">\n\t<img decoding=\"async\" src=\"https:\/\/gaudetefilms.com\/wp-content\/uploads\/2025\/02\/Thanadoula003.jpg\" alt=\"null\">\n\t<h3  data-ultimate-target='#interactive-banner-1-wrap-5675 .bb-top-title '  data-responsive-json-new='{\"font-size\":\"\",\"line-height\":\"\"}'  class=\"title-left bb-top-title ult-responsive\" style=\"font-weight:normal;background:#242424;color:#ffffff;\">Skwigly<\/h3>\n\t<div class=\"mask opaque-background\" style=\"background:#242424;\">\n\t\t<div  data-ultimate-target='#interactive-banner-1-wrap-5675 .bb-description'  data-responsive-json-new='{\"font-size\":\"\",\"line-height\":\"\"}'  class=\"bb-description ult-responsive\" style=\"font-weight:normal;color:#ffffff;\">Skwigly s&apos;est entretenu avec Robin en pr\u00e9vision de la premi\u00e8re projection de Thanadoula lors de l&apos;\u00e9dition num\u00e9rique du Festival international d&apos;animation d&apos;Ottawa de cette ann\u00e9e.<\/div>\n\t\t<a class=\"bb-link\" href=\"https:\/\/www.skwigly.co.uk\/robin-mckenna-thanadoula\/\"target=\"_blank\"rel=\"noopener\" style=\"background:#242424;color:#ffffff;\">VIEW<\/a>\n\t<\/div>\n<\/div>[\/vc_column][vc_column width=\u00a0\u00bb1\/3&Prime;]\n<div id=\"interactive-banner-1-wrap-8069\" class=\"ult-banner-block ult-adjust-bottom-margin ult-bb-more ult-banner-block-custom-height banner-style01 \"   style=\"height:230px;\">\n\t<img decoding=\"async\" src=\"https:\/\/gaudetefilms.com\/wp-content\/uploads\/2025\/02\/image.webp\" alt=\"null\">\n\t<h3  data-ultimate-target='#interactive-banner-1-wrap-8069 .bb-top-title '  data-responsive-json-new='{\"font-size\":\"\",\"line-height\":\"\"}'  class=\"title-left bb-top-title ult-responsive\" style=\"font-weight:normal;background:#242424;color:#ffffff;\">Les nouvelles de l&apos;AFRO<\/h3>\n\t<div class=\"mask opaque-background\" style=\"background:#242424;\">\n\t\t<div  data-ultimate-target='#interactive-banner-1-wrap-8069 .bb-description'  data-responsive-json-new='{\"font-size\":\"\",\"line-height\":\"\"}'  class=\"bb-description ult-responsive\" style=\"font-weight:normal;color:#ffffff;\">Inspir\u00e9 par le classique bien-aim\u00e9 de Lewis Hyde, Le don, la cr\u00e9ativit\u00e9 et l&apos;artiste dans le monde moderne, GIFT est un film richement cin\u00e9matographique qui entrem\u00eale des histoires de personnages : La cr\u00e9ativit\u00e9 et l&apos;artiste dans le monde moderne, GIFT est un film richement cin\u00e9matographique, entrela\u00e7ant des histoires de personnages.<\/div>\n\t\t<a class=\"bb-link\" href=\"https:\/\/theafronews.com\/an-interview-with-the-amazing-robin-mckenna-director-writer-and-producer-of-gift\/\"target=\"_blank\"rel=\"noopener\" style=\"background:#242424;color:#ffffff;\">VIEW<\/a>\n\t<\/div>\n<\/div>[\/vc_column][vc_column width=\u00a0\u00bb1\/3&Prime;]\n<div id=\"interactive-banner-1-wrap-1406\" class=\"ult-banner-block ult-adjust-bottom-margin ult-bb-more ult-banner-block-custom-height banner-style01 \"   style=\"height:230px;\">\n\t<img decoding=\"async\" src=\"https:\/\/gaudetefilms.com\/wp-content\/uploads\/2025\/02\/Thanadoulagrab_city.jpg\" alt=\"null\">\n\t<h3  data-ultimate-target='#interactive-banner-1-wrap-1406 .bb-top-title '  data-responsive-json-new='{\"font-size\":\"\",\"line-height\":\"\"}'  class=\"title-left bb-top-title ult-responsive\" style=\"font-weight:normal;background:#242424;color:#ffffff;\">Elle fait la ville<\/h3>\n\t<div class=\"mask opaque-background\" style=\"background:#242424;\">\n\t\t<div  data-ultimate-target='#interactive-banner-1-wrap-1406 .bb-description'  data-responsive-json-new='{\"font-size\":\"\",\"line-height\":\"\"}'  class=\"bb-description ult-responsive\" style=\"font-weight:normal;color:#ffffff;\">Thanadoula nous le rappelle, tout en encourageant l&apos;empathie, la compassion et l&apos;ouverture d&apos;esprit lorsqu&apos;il s&apos;agit de soutenir un proche qui ne parvient pas \u00e0 trouver la paix.<\/div>\n\t\t<a class=\"bb-link\" href=\"https:\/\/www.shedoesthecity.com\/we-live-in-a-death-denying-culture-robin-mckenna-uses-animation-to-explore-the-space-between-life-and-death\/\"target=\"_blank\"rel=\"noopener\" style=\"background:#242424;color:#ffffff;\">VIEW<\/a>\n\t<\/div>\n<\/div>[\/vc_column][\/vc_row][vc_row][vc_column width=\u00a0\u00bb1\/3&Prime;]\n<div id=\"interactive-banner-1-wrap-3516\" class=\"ult-banner-block ult-adjust-bottom-margin ult-bb-more ult-banner-block-custom-height banner-style01 \"   style=\"height:230px;\">\n\t<img decoding=\"async\" src=\"https:\/\/gaudetefilms.com\/wp-content\/uploads\/2025\/02\/BJ5IUV6EJ5HHFEU4MNJRYJB7RY.jpg\" alt=\"null\">\n\t<h3  data-ultimate-target='#interactive-banner-1-wrap-3516 .bb-top-title '  data-responsive-json-new='{\"font-size\":\"\",\"line-height\":\"\"}'  class=\"title-left bb-top-title ult-responsive\" style=\"font-weight:normal;background:#242424;color:#ffffff;\">leDroit<\/h3>\n\t<div class=\"mask opaque-background\" style=\"background:#242424;\">\n\t\t<div  data-ultimate-target='#interactive-banner-1-wrap-3516 .bb-description'  data-responsive-json-new='{\"font-size\":\"\",\"line-height\":\"\"}'  class=\"bb-description ult-responsive\" style=\"font-weight:normal;color:#ffffff;\">``La documentariste Robin McKenna, signe avec Thanadoula un rarissime exemple de court-m\u00e9trage documentaire d&apos;animation.``<\/div>\n\t\t<a class=\"bb-link\" href=\"https:\/\/www.ledroit.com\/2020\/09\/23\/un-rarissime-court-metrage-danimation-documentaire-au-festival-international-danimation-dottawa-f3beec188b0e13c1aa6259f8cb1ff2eb\/\"target=\"_blank\"rel=\"noopener\" style=\"background:#242424;color:#ffffff;\">VIEW<\/a>\n\t<\/div>\n<\/div>[\/vc_column][vc_column width=\u00a0\u00bb1\/3&Prime;]\n<div id=\"interactive-banner-1-wrap-2982\" class=\"ult-banner-block ult-adjust-bottom-margin ult-bb-more ult-banner-block-custom-height banner-style01 \"   style=\"height:230px;\">\n\t<img decoding=\"async\" src=\"https:\/\/gaudetefilms.com\/wp-content\/uploads\/2018\/03\/IMG_6021.jpg\" alt=\"null\">\n\t<h3  data-ultimate-target='#interactive-banner-1-wrap-2982 .bb-top-title '  data-responsive-json-new='{\"font-size\":\"\",\"line-height\":\"\"}'  class=\"title-left bb-top-title ult-responsive\" style=\"font-weight:normal;background:#242424;color:#ffffff;\">Magazine POV<\/h3>\n\t<div class=\"mask opaque-background\" style=\"background:#242424;\">\n\t\t<div  data-ultimate-target='#interactive-banner-1-wrap-2982 .bb-description'  data-responsive-json-new='{\"font-size\":\"\",\"line-height\":\"\"}'  class=\"bb-description ult-responsive\" style=\"font-weight:normal;color:#ffffff;\">``Un homme aux multiples talents``, article sur Peter Wintonick par Robin McKenna, paru dans POV Magazine<\/div>\n\t\t<a class=\"bb-link\" href=\"https:\/\/povmagazine.com\/a-man-of-many-gifts\/\"target=\"_blank\"rel=\"noopener\" style=\"background:#242424;color:#ffffff;\">VIEW<\/a>\n\t<\/div>\n<\/div>[\/vc_column][vc_column width=\u00a0\u00bb1\/3&Prime;]\n<div id=\"interactive-banner-1-wrap-5080\" class=\"ult-banner-block ult-adjust-bottom-margin ult-bb-more ult-banner-block-custom-height banner-style01 \"   style=\"height:230px;\">\n\t<img decoding=\"async\" src=\"https:\/\/gaudetefilms.com\/wp-content\/uploads\/2018\/03\/20171205_GIFT_Mingwei_709.jpg\" alt=\"null\">\n\t<h3  data-ultimate-target='#interactive-banner-1-wrap-5080 .bb-top-title '  data-responsive-json-new='{\"font-size\":\"\",\"line-height\":\"\"}'  class=\"title-left bb-top-title ult-responsive\" style=\"font-weight:normal;background:#242424;color:#ffffff;\">Gazette de Montr\u00e9al<\/h3>\n\t<div class=\"mask opaque-background\" style=\"background:#242424;\">\n\t\t<div  data-ultimate-target='#interactive-banner-1-wrap-5080 .bb-description'  data-responsive-json-new='{\"font-size\":\"\",\"line-height\":\"\"}'  class=\"bb-description ult-responsive\" style=\"font-weight:normal;color:#ffffff;\">S\u00e9lection &quot;Hot tickets&quot; au 36e Festival international du film sur l&apos;art de Montr\u00e9al (FIFA)<\/div>\n\t\t<a class=\"bb-link\" href=\"http:\/\/montrealgazette.com\/entertainment\/movies\/kahlo-to-nagano-festival-international-du-film-sur-lart-draws-us-in\"target=\"_blank\"rel=\"noopener\" style=\"background:#242424;color:#ffffff;\">VIEW<\/a>\n\t<\/div>\n<\/div>[\/vc_column][\/vc_row][vc_row][vc_column width=\u00a0\u00bb1\/3&Prime;]\n<div id=\"interactive-banner-1-wrap-1317\" class=\"ult-banner-block ult-adjust-bottom-margin ult-bb-more ult-banner-block-custom-height banner-style01 \"   style=\"height:230px;\">\n\t<img decoding=\"async\" src=\"https:\/\/gaudetefilms.com\/wp-content\/uploads\/2018\/05\/20171205_GIFT_Monica_709.jpg\" alt=\"null\">\n\t<h3  data-ultimate-target='#interactive-banner-1-wrap-1317 .bb-top-title '  data-responsive-json-new='{\"font-size\":\"\",\"line-height\":\"\"}'  class=\"title-left bb-top-title ult-responsive\" style=\"font-weight:normal;background:#242424;color:#ffffff;\">Centre Phi<\/h3>\n\t<div class=\"mask opaque-background\" style=\"background:#242424;\">\n\t\t<div  data-ultimate-target='#interactive-banner-1-wrap-1317 .bb-description'  data-responsive-json-new='{\"font-size\":\"\",\"line-height\":\"\"}'  class=\"bb-description ult-responsive\" style=\"font-weight:normal;color:#ffffff;\">&quot;GIFT est un regard po\u00e9tique sur les \u00e9conomies du don \u00e0 travers l&apos;art et les pratiques culturelles. Il suit quatre histoires li\u00e9es par la cr\u00e9ativit\u00e9, la g\u00e9n\u00e9rosit\u00e9, la r\u00e9sistance et le d\u00e9fi&quot;.<\/div>\n\t\t<a class=\"bb-link\" href=\"https:\/\/phi-centre.com\/en\/post\/robin-mckenna-gift-communities-en\/\"target=\"_blank\"rel=\"noopener\" style=\"background:#242424;color:#ffffff;\">VIEW<\/a>\n\t<\/div>\n<\/div>[\/vc_column][vc_column width=\u00a0\u00bb1\/3&Prime;]\n<div id=\"interactive-banner-1-wrap-3515\" class=\"ult-banner-block ult-adjust-bottom-margin ult-bb-more ult-banner-block-custom-height banner-style01 \"   style=\"height:230px;\">\n\t<img decoding=\"async\" src=\"https:\/\/gaudetefilms.com\/wp-content\/uploads\/2018\/05\/IMG_3497.jpg\" alt=\"null\">\n\t<h3  data-ultimate-target='#interactive-banner-1-wrap-3515 .bb-top-title '  data-responsive-json-new='{\"font-size\":\"\",\"line-height\":\"\"}'  class=\"title-left bb-top-title ult-responsive\" style=\"font-weight:normal;background:#242424;color:#ffffff;\">Partageable<\/h3>\n\t<div class=\"mask opaque-background\" style=\"background:#242424;\">\n\t\t<div  data-ultimate-target='#interactive-banner-1-wrap-3515 .bb-description'  data-responsive-json-new='{\"font-size\":\"\",\"line-height\":\"\"}'  class=\"bb-description ult-responsive\" style=\"font-weight:normal;color:#ffffff;\">&quot;J&apos;ai commenc\u00e9 \u00e0 r\u00e9fl\u00e9chir davantage aux dons int\u00e9rieurs, \u00e0 l&apos;ouverture impliqu\u00e9e dans le processus cr\u00e9atif, au r\u00f4le du hasard et de l&apos;accident, aux dons qui viennent \u00e0 nous lorsque nous sommes pr\u00eats \u00e0 les recevoir&quot;.<\/div>\n\t\t<a class=\"bb-link\" href=\"https:\/\/www.shareable.net\/blog\/documentary-illuminates-the-power-of-gift-culture\"target=\"_blank\"rel=\"noopener\" style=\"background:#242424;color:#ffffff;\">VIEW<\/a>\n\t<\/div>\n<\/div>[\/vc_column][vc_column width=\u00a0\u00bb1\/3&Prime;]\n<div id=\"interactive-banner-1-wrap-1955\" class=\"ult-banner-block ult-adjust-bottom-margin ult-bb-more ult-banner-block-custom-height banner-style01 \"   style=\"height:230px;\">\n\t<img decoding=\"async\" src=\"https:\/\/gaudetefilms.com\/wp-content\/uploads\/2018\/03\/giftfilm_featured.jpg\" alt=\"null\">\n\t<h3  data-ultimate-target='#interactive-banner-1-wrap-1955 .bb-top-title '  data-responsive-json-new='{\"font-size\":\"\",\"line-height\":\"\"}'  class=\"title-left bb-top-title ult-responsive\" style=\"font-weight:normal;background:#242424;color:#ffffff;\">Creative Commons<\/h3>\n\t<div class=\"mask opaque-background\" style=\"background:#242424;\">\n\t\t<div  data-ultimate-target='#interactive-banner-1-wrap-1955 .bb-description'  data-responsive-json-new='{\"font-size\":\"\",\"line-height\":\"\"}'  class=\"bb-description ult-responsive\" style=\"font-weight:normal;color:#ffffff;\">&quot;Inspir\u00e9 par The Gift, l&apos;ouvrage fondateur de Lewis Hyde sur la cr\u00e9ativit\u00e9, la culture et l&apos;art, le film de McKenna raconte des histoires \u00e9mouvantes de g\u00e9n\u00e9rosit\u00e9 et de partage remarquables.<\/div>\n\t\t<a class=\"bb-link\" href=\"https:\/\/creativecommons.org\/2017\/06\/29\/gift-film-tells-story-sharing-around-world\/\"target=\"_blank\"rel=\"noopener\" style=\"background:#242424;color:#ffffff;\">VIEW<\/a>\n\t<\/div>\n<\/div>[\/vc_column][\/vc_row][vc_row][vc_column width=\u00a0\u00bb1\/3&Prime;][\/vc_column][vc_column width=\u00a0\u00bb1\/3&Prime;]\n<div id=\"interactive-banner-1-wrap-6176\" class=\"ult-banner-block ult-adjust-bottom-margin ult-bb-more ult-banner-block-custom-height banner-style01 \"   style=\"height:230px;\">\n\t<img decoding=\"async\" src=\"https:\/\/gaudetefilms.com\/wp-content\/uploads\/2018\/03\/20171205_GIFT_CoupleBurningMan2_709.jpg\" alt=\"null\">\n\t<h3  data-ultimate-target='#interactive-banner-1-wrap-6176 .bb-top-title '  data-responsive-json-new='{\"font-size\":\"\",\"line-height\":\"\"}'  class=\"title-left bb-top-title ult-responsive\" style=\"font-weight:normal;background:#242424;color:#ffffff;\">Gazette de Montr\u00e9al<\/h3>\n\t<div class=\"mask opaque-background\" style=\"background:#242424;\">\n\t\t<div  data-ultimate-target='#interactive-banner-1-wrap-6176 .bb-description'  data-responsive-json-new='{\"font-size\":\"\",\"line-height\":\"\"}'  class=\"bb-description ult-responsive\" style=\"font-weight:normal;color:#ffffff;\">&quot;L&apos;art nous offre un cadeau qui ne peut \u00eatre mesur\u00e9. Il a une qualit\u00e9 transformatrice. Le Don relie l&apos;art aux rituels, aux contes de f\u00e9es et au monde des r\u00eaves&quot;.<\/div>\n\t\t<a class=\"bb-link\" href=\"http:\/\/montrealgazette.com\/entertainment\/local-arts\/lewis-hydes-the-gift-a-touchstone-for-art-world-and-for-dhc-art-show\"target=\"_blank\"rel=\"noopener\" style=\"background:#242424;color:#ffffff;\">VIEW<\/a>\n\t<\/div>\n<\/div>[\/vc_column][vc_column width=\u00a0\u00bb1\/3&Prime;][\/vc_column][\/vc_row]<\/p>\n<\/div>","protected":false},"excerpt":{"rendered":"<p>[vc_row][vc_column width=\u00a0\u00bb1\/3&Prime;][\/vc_column][vc_column width=\u00a0\u00bb1\/3&Prime;][\/vc_column][vc_column width=\u00a0\u00bb1\/3&Prime;][\/vc_column][\/vc_row][vc_row][vc_column width=\u00a0\u00bb1\/3&Prime;][\/vc_column][vc_column width=\u00a0\u00bb1\/3&Prime;][\/vc_column][vc_column width=\u00a0\u00bb1\/3&Prime;][\/vc_column][\/vc_row][vc_row][vc_column width=\u00a0\u00bb1\/3&Prime;][\/vc_column][vc_column width=\u00a0\u00bb1\/3&Prime;][\/vc_column][vc_column width=\u00a0\u00bb1\/3&Prime;][\/vc_column][\/vc_row][vc_row][vc_column width=\u00a0\u00bb1\/3&Prime;][\/vc_column][vc_column width=\u00a0\u00bb1\/3&Prime;][\/vc_column][vc_column width=\u00a0\u00bb1\/3&Prime;][\/vc_column][\/vc_row][vc_row][vc_column width=\u00a0\u00bb1\/3&Prime;][\/vc_column][vc_column width=\u00a0\u00bb1\/3&Prime;][\/vc_column][vc_column width=\u00a0\u00bb1\/3&Prime;][\/vc_column][\/vc_row]<\/p>\n","protected":false},"author":1,"featured_media":0,"parent":0,"menu_order":0,"comment_status":"closed","ping_status":"closed","template":"","meta":{"_exactmetrics_skip_tracking":false,"_exactmetrics_sitenote_active":false,"_exactmetrics_sitenote_note":"","_exactmetrics_sitenote_category":0,"footnotes":""},"class_list":["post-22238","page","type-page","status-publish","hentry"],"_links":{"self":[{"href":"https:\/\/gaudetefilms.com\/fr\/wp-json\/wp\/v2\/pages\/22238","targetHints":{"allow":["GET"]}}],"collection":[{"href":"https:\/\/gaudetefilms.com\/fr\/wp-json\/wp\/v2\/pages"}],"about":[{"href":"https:\/\/gaudetefilms.com\/fr\/wp-json\/wp\/v2\/types\/page"}],"author":[{"embeddable":true,"href":"https:\/\/gaudetefilms.com\/fr\/wp-json\/wp\/v2\/users\/1"}],"replies":[{"embeddable":true,"href":"https:\/\/gaudetefilms.com\/fr\/wp-json\/wp\/v2\/comments?post=22238"}],"version-history":[{"count":5,"href":"https:\/\/gaudetefilms.com\/fr\/wp-json\/wp\/v2\/pages\/22238\/revisions"}],"predecessor-version":[{"id":22254,"href":"https:\/\/gaudetefilms.com\/fr\/wp-json\/wp\/v2\/pages\/22238\/revisions\/22254"}],"wp:attachment":[{"href":"https:\/\/gaudetefilms.com\/fr\/wp-json\/wp\/v2\/media?parent=22238"}],"curies":[{"name":"wp","href":"https:\/\/api.w.org\/{rel}","templated":true}]}}