{"id":22225,"date":"2025-03-06T18:26:18","date_gmt":"2025-03-06T18:26:18","guid":{"rendered":"https:\/\/gaudetefilms.com\/a-propos-de\/"},"modified":"2025-04-09T18:47:57","modified_gmt":"2025-04-09T18:47:57","slug":"a-propos-de","status":"publish","type":"page","link":"https:\/\/gaudetefilms.com\/fr\/a-propos-de\/","title":{"rendered":"A propos de"},"content":{"rendered":"<div class=\"wpb-content-wrapper\"><p>[vc_row full_width=\u00a0\u00bbstretch_row\u00a0\u00bb content_placement=\u00a0\u00bbbottom\u00a0\u00bb bg_type=\u00a0\u00bbimage\u00a0\u00bb parallax_style=\u00a0\u00bbvcpb-vz-jquery\u00a0\u00bb bg_image_new=\u00a0\u00bbid^1126|url^https:\/\/gaudetefilms.com\/wp-content\/uploads\/2018\/03\/Silhouette_0070.jpg|caption^null|alt^null|title^Silhouette_0070|description^null\u00a0\u00bb bg_image_repeat=\u00a0\u00bbno-repeat\u00a0\u00bb row_title=\u00a0\u00bbPage Hero\u00a0\u00bb min_height=\u00a0\u00bb600&Prime; css=\u00a0\u00bb.vc_custom_1741886842955{margin-top: -70px !important;border-top-width: 0px !important;padding-top: 40px !important;padding-bottom: 60px !important;}\u00a0\u00bb][vc_column][vc_column_text css=\u00a0\u00bb\u00a0\u00bb]<\/p>\n<h1 style=\"text-align: center; color: white; font-size: 72px;\">Gaudete Films est une soci\u00e9t\u00e9 de production sp\u00e9cialis\u00e9e dans les films documentaires artistiques et cr\u00e9atifs.<\/h1>\n<p>[\/vc_column_text][\/vc_column][\/vc_row][vc_row css=\u00a0\u00bb.vc_custom_1741286637671{padding-top: 80px !important;padding-bottom: 60px !important;}\u00a0\u00bb][vc_column][vc_column_text css=\u00a0\u00bb\u00a0\u00bb]<\/p>\n<div class=\"page\" title=\"Page 1\">\n<div class=\"layoutArea\">\n<div class=\"column\">\n<h3 style=\"text-align: center;\"><span style=\"color: #af832c;\">Ses r\u00e9centes productions incluent Thanadoula, un court m\u00e9trage documentaire d&rsquo;animation coproduit avec l&rsquo;ONF, et GIFT, un long m\u00e9trage documentaire qui sortira en salle en 2019 (\u00ab\u00a0Elliptique, po\u00e9tique et visuellement stup\u00e9fiant\u00a0\u00bb - The Boston Globe).<\/span><\/h3>\n<\/div>\n<\/div>\n<\/div>\n<p>[\/vc_column_text][\/vc_column][\/vc_row][vc_row full_width=\u00a0\u00bbstretch_row\u00a0\u00bb content_placement=\u00a0\u00bbmiddle\u00a0\u00bb css=\u00a0\u00bb.vc_custom_1739214229544{padding-top: 60px !important;padding-bottom: 60px !important;background-color: #F5EDDD !important;}\u00a0\u00bb row_title=\u00a0\u00bbRobin Bio\u00a0\u00bb][vc_column][vc_row_inner equal_height=\u00a0\u00bbyes\u00a0\u00bb content_placement=\u00a0\u00bbmiddle\u00a0\u00bb][vc_column_inner width=\u00a0\u00bb1\/2&Prime;][vc_column_text css=\u00a0\u00bb\u00a0\u00bb]<\/p>\n<h2>ROBIN MCKENNA<\/h2>\n<p>[\/vc_column_text][vc_column_text css=\u00a0\u00bb\u00a0\u00bb]Robin McKenna est un r\u00e9alisateur sp\u00e9cialis\u00e9 dans les documentaires cr\u00e9atifs et artistiques. GIFT, un long m\u00e9trage documentaire inspir\u00e9 du livre <a href=\"https:\/\/gaudetefilms.com\/fr\/portfolio-type\/cadeau\/\">The Gift<\/a> de Lewis Hyde : Creativity and the Artist in the Modern World, est sorti en salle en 2019 (\u00ab\u00a0Elliptique, po\u00e9tique et visuellement saisissant\u00a0\u00bb - The<em>Boston Globe<\/em>) et a \u00e9t\u00e9 nomm\u00e9 pour le Allan King Award for Excellence in Documentary, Director&rsquo;s Guild of Canada Awards. <\/p>\n<p>Son court m\u00e9trage d&rsquo;animation <a href=\"https:\/\/gaudetefilms.com\/fr\/portfolio-type\/thanadoula\/\">Thanadoula<\/a> (2020), coproduit avec l&rsquo;ONF, a re\u00e7u une mention honorable pour le meilleur court m\u00e9trage au prestigieux Festival international d&rsquo;animation d&rsquo;Ottawa. Parmi les autres courts m\u00e9trages, citons <a href=\"https:\/\/gaudetefilms.com\/fr\/portfolio-type\/genevieve-bujold-art-vie\/\">Genevieve Bujold, Art = Vie<\/a>, un portrait lyrique en 16 mm pour les Prix du Gouverneur g\u00e9n\u00e9ral du Canada pour les arts de la sc\u00e8ne (2019), et Weather, pour Greetings from Isolation, une s\u00e9rie de films collectifs d&rsquo;artistes pendant la pand\u00e9mie (2020).<\/p>\n<p>The Jungle Prescription, qui suit des m\u00e9decins travaillant avec l&rsquo;ayahuasca pour traiter la d\u00e9pendance, a \u00e9t\u00e9 diffus\u00e9 sur CBC dans le cadre de l&rsquo;\u00e9mission The Nature of Things (nomination Golden Sheaf pour la meilleure \u00e9mission sur la science, la nature ou la technologie, 2012). Elle a travaill\u00e9 comme cin\u00e9aste-mentor dans des communaut\u00e9s autochtones avec Wapikoni Mobile, et a fait de la cin\u00e9matographie pour des films comme The Take, avec Naomi Klein et Avi Lewis en Argentine (2004). Elle vit \u00e0 l&rsquo;ext\u00e9rieur de Montr\u00e9al, au Canada.[\/vc_column_text][\/vc_column_inner][vc_column_inner width=\u00a0\u00bb1\/2&Prime;][vc_single_image image=\u00a0\u00bb20089&Prime; img_size=\u00a0\u00bb500&#215;500&Prime; alignment=\u00a0\u00bbright\u00a0\u00bb css=\u00a0\u00bb\u00a0\u00bb][\/vc_column_inner][\/vc_row_inner][\/vc_column][\/vc_row][vc_row full_width=\u00a0\u00bbstretch_row_content\u00a0\u00bb gap=\u00a0\u00bb30&Prime; content_placement=\u00a0\u00bbmiddle\u00a0\u00bb bg_type=\u00a0\u00bbimage\u00a0\u00bb parallax_style=\u00a0\u00bbvcpb-default\u00a0\u00bb bg_image_new=\u00a0\u00bbid^379|url^https:\/\/gaudetefilms.com\/wp-content\/uploads\/2018\/03\/slider3_Gift-2.jpg|caption^null|alt^null|title^slider3_Gift|description^null\u00a0\u00bb bg_image_repeat=\u00a0\u00bbno-repeat\u00a0\u00bb css=\u00a0\u00bb.vc_custom_1739214171230{margin-bottom: -45px !important;}\u00a0\u00bb min_height=\u00a0\u00bb300px\u00a0\u00bb][vc_column css=\u00a0\u00bb.vc_custom_1741878762994{padding-right: 20px !important;padding-left: 20px !important;}\u00a0\u00bb][vc_column_text css=\u00a0\u00bb\u00a0\u00bb]<\/p>\n<p style=\"text-align: center;\"><span style=\"font-weight: 600; font-size: 24px;\"><span style=\"color: #ffffff;\">Vous avez des questions sur Gaudete Films ou vous souhaitez simplement entrer en contact ? N&rsquo;h\u00e9sitez pas \u00e0 nous contacter. <\/span><\/span><\/p>\n<p>[\/vc_column_text]<div class=\" ubtn-ctn-center \"><a class=\"ubtn-link ult-adjust-bottom-margin ubtn-center ubtn-normal \" href=\"https:\/\/gaudetefilms.com\/contact\/\"title=\"About\"><button type=\"button\" id=\"ubtn-3754\" class=\"ubtn ult-adjust-bottom-margin ult-responsive ubtn-normal ubtn-no-hover-bg  none  ubtn-center   tooltip-69e7b273a1863\"  data-hover=\"#C49B47\" data-border-color=\"#FFFFFF\" data-bg=\"#FFFFFF00\" data-hover-bg=\"#FFFFFF\" data-border-hover=\"#FFFFFF\" data-shadow-hover=\"\" data-shadow-click=\"none\" data-shadow=\"\" data-shd-shadow=\"\"  data-ultimate-target='#ubtn-3754'  data-responsive-json-new='{\"font-size\":\"desktop:14px;\",\"line-height\":\"\"}'  style=\"font-family:&#039;Red Hat Display&#039;;font-weight:500;border-radius:0px;border-width:2px;border-color:#FFFFFF;border-style:solid;background: #FFFFFF00;color: #FFFFFF;\"><span class=\"ubtn-hover\" style=\"background-color:#FFFFFF\"><\/span><span class=\"ubtn-data ubtn-text \" >CONTACTEZ-NOUS<\/span><\/button><\/a><\/div>[\/vc_column][\/vc_row]<\/p>\n<\/div>","protected":false},"excerpt":{"rendered":"<p>[vc_row full_width=\u00a0\u00bbstretch_row\u00a0\u00bb content_placement=\u00a0\u00bbbottom\u00a0\u00bb bg_type=\u00a0\u00bbimage\u00a0\u00bb parallax_style=\u00a0\u00bbvcpb-vz-jquery\u00a0\u00bb bg_image_new=\u00a0\u00bbid^1126|url^https:\/\/gaudetefilms.com\/wp-content\/uploads\/2018\/03\/Silhouette_0070.jpg|caption^null|alt^null|title^Silhouette_0070|description^null\u00a0\u00bb bg_image_repeat=\u00a0\u00bbno-repeat\u00a0\u00bb row_title=\u00a0\u00bbPage Hero\u00a0\u00bb min_height=\u00a0\u00bb600&Prime; css=\u00a0\u00bb.vc_custom_1741886842955{margin-top: -70px !important;border-top-width: 0px !important;padding-top: 40px !important;padding-bottom: 60px !important;}\u00a0\u00bb][vc_column][vc_column_text css=\u00a0\u00bb\u00a0\u00bb] Gaudete Films est une soci\u00e9t\u00e9 de production sp\u00e9cialis\u00e9e dans les films documentaires artistiques et cr\u00e9atifs. [\/vc_column_text][\/vc_column][\/vc_row][vc_row css=\u00a0\u00bb.vc_custom_1741286637671{padding-top: 80px !important;padding-bottom: 60px !important;}\u00a0\u00bb][vc_column][vc_column_text css=\u00a0\u00bb\u00a0\u00bb] Ses r\u00e9centes productions incluent Thanadoula, un court m\u00e9trage documentaire d&rsquo;animation coproduit avec l&rsquo;ONF, [&hellip;]<\/p>\n","protected":false},"author":1,"featured_media":0,"parent":0,"menu_order":0,"comment_status":"closed","ping_status":"closed","template":"","meta":{"_exactmetrics_skip_tracking":false,"_exactmetrics_sitenote_active":false,"_exactmetrics_sitenote_note":"","_exactmetrics_sitenote_category":0,"footnotes":""},"class_list":["post-22225","page","type-page","status-publish","hentry"],"_links":{"self":[{"href":"https:\/\/gaudetefilms.com\/fr\/wp-json\/wp\/v2\/pages\/22225","targetHints":{"allow":["GET"]}}],"collection":[{"href":"https:\/\/gaudetefilms.com\/fr\/wp-json\/wp\/v2\/pages"}],"about":[{"href":"https:\/\/gaudetefilms.com\/fr\/wp-json\/wp\/v2\/types\/page"}],"author":[{"embeddable":true,"href":"https:\/\/gaudetefilms.com\/fr\/wp-json\/wp\/v2\/users\/1"}],"replies":[{"embeddable":true,"href":"https:\/\/gaudetefilms.com\/fr\/wp-json\/wp\/v2\/comments?post=22225"}],"version-history":[{"count":6,"href":"https:\/\/gaudetefilms.com\/fr\/wp-json\/wp\/v2\/pages\/22225\/revisions"}],"predecessor-version":[{"id":22543,"href":"https:\/\/gaudetefilms.com\/fr\/wp-json\/wp\/v2\/pages\/22225\/revisions\/22543"}],"wp:attachment":[{"href":"https:\/\/gaudetefilms.com\/fr\/wp-json\/wp\/v2\/media?parent=22225"}],"curies":[{"name":"wp","href":"https:\/\/api.w.org\/{rel}","templated":true}]}}